{"id":2636,"date":"2022-10-08T20:50:45","date_gmt":"2022-10-08T20:50:45","guid":{"rendered":"https:\/\/bestwesternplusmontrealeast.gmtpdigital.ca\/?page_id=2636"},"modified":"2025-02-19T12:31:29","modified_gmt":"2025-02-19T12:31:29","slug":"procedures-durgence","status":"publish","type":"page","link":"https:\/\/bestwesternplusmontrealeast.gmtpdigital.ca\/fr\/procedures-durgence\/","title":{"rendered":"Proc\u00e9dures d\u2019urgence"},"content":{"rendered":"\t\t<div data-elementor-type=\"wp-page\" data-elementor-id=\"2636\" class=\"elementor elementor-2636 elementor-1001\">\n\t\t\t\t\t\t<section class=\"elementor-section elementor-top-section elementor-element elementor-element-6bb9fa9 elementor-section-full_width elementor-section-height-default elementor-section-height-default\" data-id=\"6bb9fa9\" data-element_type=\"section\" data-e-type=\"section\">\n\t\t\t\t\t\t<div class=\"elementor-container elementor-column-gap-default\">\n\t\t\t\t\t<div class=\"elementor-column elementor-col-100 elementor-top-column elementor-element elementor-element-50e232c\" data-id=\"50e232c\" data-element_type=\"column\" data-e-type=\"column\">\n\t\t\t<div class=\"elementor-widget-wrap elementor-element-populated\">\n\t\t\t\t\t\t<div class=\"elementor-element elementor-element-4340f46 elementor-widget elementor-widget-image\" data-id=\"4340f46\" data-element_type=\"widget\" data-e-type=\"widget\" data-widget_type=\"image.default\">\n\t\t\t\t<div class=\"elementor-widget-container\">\n\t\t\t\t\t\t\t\t\t\t\t\t\t\t\t<img fetchpriority=\"high\" decoding=\"async\" width=\"1024\" height=\"538\" src=\"https:\/\/bestwesternplusmontrealeast.gmtpdigital.ca\/wp-content\/uploads\/sites\/393\/2022\/10\/emergency-exit-1321134_1280-1024x538-1.jpeg\" class=\"attachment-large size-large wp-image-2609\" alt=\"\" srcset=\"https:\/\/bestwesternplusmontrealeast.gmtpdigital.ca\/wp-content\/uploads\/sites\/393\/2022\/10\/emergency-exit-1321134_1280-1024x538-1.jpeg 1024w, https:\/\/bestwesternplusmontrealeast.gmtpdigital.ca\/wp-content\/uploads\/sites\/393\/2022\/10\/emergency-exit-1321134_1280-1024x538-1-300x158.jpeg 300w, https:\/\/bestwesternplusmontrealeast.gmtpdigital.ca\/wp-content\/uploads\/sites\/393\/2022\/10\/emergency-exit-1321134_1280-1024x538-1-768x404.jpeg 768w\" sizes=\"(max-width: 1024px) 100vw, 1024px\" \/>\t\t\t\t\t\t\t\t\t\t\t\t\t\t\t<\/div>\n\t\t\t\t<\/div>\n\t\t\t\t\t<\/div>\n\t\t<\/div>\n\t\t\t\t\t<\/div>\n\t\t<\/section>\n\t\t\t\t<section class=\"elementor-section elementor-top-section elementor-element elementor-element-d277890 elementor-section-boxed elementor-section-height-default elementor-section-height-default\" data-id=\"d277890\" data-element_type=\"section\" data-e-type=\"section\">\n\t\t\t\t\t\t<div class=\"elementor-container elementor-column-gap-default\">\n\t\t\t\t\t<div class=\"elementor-column elementor-col-100 elementor-top-column elementor-element elementor-element-e5ff877\" data-id=\"e5ff877\" data-element_type=\"column\" data-e-type=\"column\">\n\t\t\t<div class=\"elementor-widget-wrap elementor-element-populated\">\n\t\t\t\t\t\t<div class=\"elementor-element elementor-element-9a4122b elementor-widget elementor-widget-text-editor\" data-id=\"9a4122b\" data-element_type=\"widget\" data-e-type=\"widget\" data-widget_type=\"text-editor.default\">\n\t\t\t\t<div class=\"elementor-widget-container\">\n\t\t\t\t\t\t\t\t\t<p><strong>Nous nous soucions de votre s\u00e9curit\u00e9<\/strong><br \/>Votre confort et votre bien-\u00eatre sont notre premi\u00e8re priorit\u00e9. Nous vous invitons \u00e0 profiter de ces conseils de s\u00e9curit\u00e9.<br \/>Veuillez vous assurer que toutes les portes int\u00e9rieures et les serrures des fen\u00eatres fonctionnent correctement.<br \/>Utilisez le judas pour identifier toute personne avant d&rsquo;ouvrir la porte.<br \/>Si votre chambre dispose d&rsquo;une porte communicante, assurez-vous que la serrure de votre c\u00f4t\u00e9 fonctionne correctement.<br \/>Lorsque vous quittez votre voiture, assurez-vous qu&rsquo;elle est verrouill\u00e9e. Ne laissez aucun objet de valeur dans votre voiture ou dans votre chambre.<br \/>Prot\u00e9gez toujours votre cl\u00e9 de chambre\/carte d&rsquo;acc\u00e8s. Ne la laissez pas sans protection et ne la donnez \u00e0 personne d&rsquo;autre que les personnes enregistr\u00e9es avec vous dans votre chambre. N&rsquo;oubliez pas de rendre votre cl\u00e9\/carte d&rsquo;acc\u00e8s lorsque vous partez.<\/p><h4>En cas d&rsquo;urgence&#8230; Composez d&rsquo;abord le 9 + 911<\/h4><p><strong>En cas d&rsquo;urgence<\/strong><br \/>appelez la r\u00e9ception&#8230; Composez le 0<\/p><p><strong>Soyez pr\u00eat<\/strong><br \/>Localisez la sortie de secours la plus proche de votre chambre. Localisez les extincteurs et les alarmes incendie les plus proches. Sachez toujours o\u00f9 se trouve votre cl\u00e9 de chambre\/carte d&rsquo;acc\u00e8s. Un plan d&rsquo;incendie est situ\u00e9 au dos de la porte de votre chambre.<\/p><p><strong>Si l&rsquo;alarme incendie retentit ou si vous sentez de la fum\u00e9e<\/strong><br \/>Restez calme. Ne paniquez pas. Touchez la porte de votre chambre. Si elle est chaude, ne l&rsquo;ouvrez pas. Si la porte semble normale, ouvrez-la et v\u00e9rifiez le couloir. Si l&rsquo;alarme n&rsquo;a pas encore sonn\u00e9 mais que vous sentez de la fum\u00e9e, sonnez l&rsquo;alarme. S&rsquo;il n&rsquo;y a pas de fum\u00e9e dans le couloir, quittez votre chambre. Prenez votre cl\u00e9 de chambre\/carte d&rsquo;acc\u00e8s avec vous et dirigez-vous vers la sortie de secours la plus proche. S&rsquo;il y a de la fum\u00e9e dans la cage d&rsquo;escalier, allez \u00e0 l&rsquo;autre bout du couloir ou retournez dans votre chambre. Les clients handicap\u00e9s doivent appeler la r\u00e9ception pour obtenir de l&rsquo;aide.<\/p><p><strong>Si vous devez rester dans votre chambre<\/strong><br \/>Remplissez la baignoire d&rsquo;eau froide. Trempez les draps et les serviettes et placez-les autour de la base de la porte. Appelez la r\u00e9ception ; indiquez-leur votre num\u00e9ro de chambre et que vous restez dans votre chambre d&rsquo;h\u00f4tel \u00e0 cause de la fum\u00e9e dans le couloir ou la cage d&rsquo;escalier. Si de la fum\u00e9e commence \u00e0 p\u00e9n\u00e9trer dans votre chambre, accroupissez-vous sous le niveau de la fum\u00e9e et couvrez-vous le nez et la bouche avec un chiffon humide.<\/p><p><strong>Pour pr\u00e9venir les incendies<\/strong><br \/>Ne fumez pas au lit.<br \/>Assurez-vous d&rsquo;\u00e9teindre toutes les cigarettes et tous les cigares.<br \/>Gardez les allumettes hors de port\u00e9e des enfants.<\/p>\t\t\t\t\t\t\t\t<\/div>\n\t\t\t\t<\/div>\n\t\t\t\t\t<\/div>\n\t\t<\/div>\n\t\t\t\t\t<\/div>\n\t\t<\/section>\n\t\t\t\t<section class=\"elementor-section elementor-top-section elementor-element elementor-element-c686146 elementor-section-boxed elementor-section-height-default elementor-section-height-default\" data-id=\"c686146\" data-element_type=\"section\" data-e-type=\"section\">\n\t\t\t\t\t\t<div class=\"elementor-container elementor-column-gap-default\">\n\t\t\t\t\t<div class=\"elementor-column elementor-col-100 elementor-top-column elementor-element elementor-element-3593d33\" data-id=\"3593d33\" data-element_type=\"column\" data-e-type=\"column\">\n\t\t\t<div class=\"elementor-widget-wrap elementor-element-populated\">\n\t\t\t\t\t\t<div class=\"elementor-element elementor-element-0cf2cbb elementor-widget elementor-widget-image\" data-id=\"0cf2cbb\" data-element_type=\"widget\" data-e-type=\"widget\" data-widget_type=\"image.default\">\n\t\t\t\t<div class=\"elementor-widget-container\">\n\t\t\t\t\t\t\t\t\t\t\t\t\t\t\t<img decoding=\"async\" width=\"631\" height=\"1024\" src=\"https:\/\/bestwesternplusmontrealeast.gmtpdigital.ca\/wp-content\/uploads\/sites\/393\/2025\/02\/Monoxyde_FR-631x1024.jpg\" class=\"attachment-large size-large wp-image-4886\" alt=\"\" srcset=\"https:\/\/bestwesternplusmontrealeast.gmtpdigital.ca\/wp-content\/uploads\/sites\/393\/2025\/02\/Monoxyde_FR-631x1024.jpg 631w, https:\/\/bestwesternplusmontrealeast.gmtpdigital.ca\/wp-content\/uploads\/sites\/393\/2025\/02\/Monoxyde_FR-185x300.jpg 185w, https:\/\/bestwesternplusmontrealeast.gmtpdigital.ca\/wp-content\/uploads\/sites\/393\/2025\/02\/Monoxyde_FR-768x1247.jpg 768w, https:\/\/bestwesternplusmontrealeast.gmtpdigital.ca\/wp-content\/uploads\/sites\/393\/2025\/02\/Monoxyde_FR-946x1536.jpg 946w, https:\/\/bestwesternplusmontrealeast.gmtpdigital.ca\/wp-content\/uploads\/sites\/393\/2025\/02\/Monoxyde_FR-1261x2048.jpg 1261w, https:\/\/bestwesternplusmontrealeast.gmtpdigital.ca\/wp-content\/uploads\/sites\/393\/2025\/02\/Monoxyde_FR-scaled.jpg 1576w\" sizes=\"(max-width: 631px) 100vw, 631px\" \/>\t\t\t\t\t\t\t\t\t\t\t\t\t\t\t<\/div>\n\t\t\t\t<\/div>\n\t\t\t\t\t<\/div>\n\t\t<\/div>\n\t\t\t\t\t<\/div>\n\t\t<\/section>\n\t\t\t\t<\/div>\n\t\t","protected":false},"excerpt":{"rendered":"<p>Nous nous soucions de votre s\u00e9curit\u00e9Votre confort et votre bien-\u00eatre sont notre premi\u00e8re priorit\u00e9. Nous vous invitons \u00e0 profiter de ces conseils de s\u00e9curit\u00e9.Veuillez vous assurer que toutes les portes int\u00e9rieures et les serrures des fen\u00eatres fonctionnent correctement.Utilisez le judas pour identifier toute personne avant d&rsquo;ouvrir la porte.Si votre chambre dispose d&rsquo;une porte communicante, assurez-vous [&hellip;]<\/p>\n","protected":false},"author":22,"featured_media":0,"parent":0,"menu_order":0,"comment_status":"closed","ping_status":"closed","template":"","meta":{"_mi_skip_tracking":false,"site-sidebar-layout":"no-sidebar","site-content-layout":"page-builder","ast-site-content-layout":"default","site-content-style":"default","site-sidebar-style":"default","ast-global-header-display":"","ast-banner-title-visibility":"","ast-main-header-display":"","ast-hfb-above-header-display":"","ast-hfb-below-header-display":"","ast-hfb-mobile-header-display":"","site-post-title":"disabled","ast-breadcrumbs-content":"","ast-featured-img":"disabled","footer-sml-layout":"","ast-disable-related-posts":"","theme-transparent-header-meta":"default","adv-header-id-meta":"","stick-header-meta":"","header-above-stick-meta":"","header-main-stick-meta":"","header-below-stick-meta":"","astra-migrate-meta-layouts":"default","ast-page-background-enabled":"default","ast-page-background-meta":{"desktop":{"background-color":"var(--ast-global-color-4)","background-image":"","background-repeat":"repeat","background-position":"center center","background-size":"auto","background-attachment":"scroll","background-type":"","background-media":"","overlay-type":"","overlay-color":"","overlay-opacity":"","overlay-gradient":""},"tablet":{"background-color":"","background-image":"","background-repeat":"repeat","background-position":"center center","background-size":"auto","background-attachment":"scroll","background-type":"","background-media":"","overlay-type":"","overlay-color":"","overlay-opacity":"","overlay-gradient":""},"mobile":{"background-color":"","background-image":"","background-repeat":"repeat","background-position":"center center","background-size":"auto","background-attachment":"scroll","background-type":"","background-media":"","overlay-type":"","overlay-color":"","overlay-opacity":"","overlay-gradient":""}},"ast-content-background-meta":{"desktop":{"background-color":"var(--ast-global-color-5)","background-image":"","background-repeat":"repeat","background-position":"center center","background-size":"auto","background-attachment":"scroll","background-type":"","background-media":"","overlay-type":"","overlay-color":"","overlay-opacity":"","overlay-gradient":""},"tablet":{"background-color":"var(--ast-global-color-5)","background-image":"","background-repeat":"repeat","background-position":"center center","background-size":"auto","background-attachment":"scroll","background-type":"","background-media":"","overlay-type":"","overlay-color":"","overlay-opacity":"","overlay-gradient":""},"mobile":{"background-color":"var(--ast-global-color-5)","background-image":"","background-repeat":"repeat","background-position":"center center","background-size":"auto","background-attachment":"scroll","background-type":"","background-media":"","overlay-type":"","overlay-color":"","overlay-opacity":"","overlay-gradient":""}},"footnotes":""},"class_list":["post-2636","page","type-page","status-publish","hentry"],"_links":{"self":[{"href":"https:\/\/bestwesternplusmontrealeast.gmtpdigital.ca\/fr\/wp-json\/wp\/v2\/pages\/2636","targetHints":{"allow":["GET"]}}],"collection":[{"href":"https:\/\/bestwesternplusmontrealeast.gmtpdigital.ca\/fr\/wp-json\/wp\/v2\/pages"}],"about":[{"href":"https:\/\/bestwesternplusmontrealeast.gmtpdigital.ca\/fr\/wp-json\/wp\/v2\/types\/page"}],"author":[{"embeddable":true,"href":"https:\/\/bestwesternplusmontrealeast.gmtpdigital.ca\/fr\/wp-json\/wp\/v2\/users\/22"}],"replies":[{"embeddable":true,"href":"https:\/\/bestwesternplusmontrealeast.gmtpdigital.ca\/fr\/wp-json\/wp\/v2\/comments?post=2636"}],"version-history":[{"count":14,"href":"https:\/\/bestwesternplusmontrealeast.gmtpdigital.ca\/fr\/wp-json\/wp\/v2\/pages\/2636\/revisions"}],"predecessor-version":[{"id":4892,"href":"https:\/\/bestwesternplusmontrealeast.gmtpdigital.ca\/fr\/wp-json\/wp\/v2\/pages\/2636\/revisions\/4892"}],"wp:attachment":[{"href":"https:\/\/bestwesternplusmontrealeast.gmtpdigital.ca\/fr\/wp-json\/wp\/v2\/media?parent=2636"}],"curies":[{"name":"wp","href":"https:\/\/api.w.org\/{rel}","templated":true}]}}