{"id":2619,"date":"2022-10-08T20:28:39","date_gmt":"2022-10-08T20:28:39","guid":{"rendered":"https:\/\/bestwesternplusmontrealeast.gmtpdigital.ca\/?page_id=2619"},"modified":"2025-02-18T12:38:37","modified_gmt":"2025-02-18T12:38:37","slug":"liste-des-chaines-de-television","status":"publish","type":"page","link":"https:\/\/bestwesternplusmontrealeast.gmtpdigital.ca\/fr\/liste-des-chaines-de-television\/","title":{"rendered":"Liste des cha\u00eenes de t\u00e9l\u00e9vision"},"content":{"rendered":"\t\t<div data-elementor-type=\"wp-page\" data-elementor-id=\"2619\" class=\"elementor elementor-2619 elementor-1021\">\n\t\t\t\t\t\t<section class=\"elementor-section elementor-top-section elementor-element elementor-element-e3280ce elementor-section-full_width elementor-section-height-default elementor-section-height-default\" data-id=\"e3280ce\" data-element_type=\"section\" data-e-type=\"section\">\n\t\t\t\t\t\t<div class=\"elementor-container elementor-column-gap-default\">\n\t\t\t\t\t<div class=\"elementor-column elementor-col-100 elementor-top-column elementor-element elementor-element-7ee450b\" data-id=\"7ee450b\" data-element_type=\"column\" data-e-type=\"column\">\n\t\t\t<div class=\"elementor-widget-wrap elementor-element-populated\">\n\t\t\t\t\t\t<div class=\"elementor-element elementor-element-ede4e95 elementor-widget elementor-widget-image\" data-id=\"ede4e95\" data-element_type=\"widget\" data-e-type=\"widget\" data-widget_type=\"image.default\">\n\t\t\t\t<div class=\"elementor-widget-container\">\n\t\t\t\t\t\t\t\t\t\t\t\t\t\t\t<img fetchpriority=\"high\" decoding=\"async\" width=\"1024\" height=\"683\" src=\"https:\/\/bestwesternplusmontrealeast.gmtpdigital.ca\/wp-content\/uploads\/sites\/393\/2022\/10\/room-2559790_1920-1024x683-1.jpeg\" class=\"attachment-large size-large wp-image-2611\" alt=\"\" srcset=\"https:\/\/bestwesternplusmontrealeast.gmtpdigital.ca\/wp-content\/uploads\/sites\/393\/2022\/10\/room-2559790_1920-1024x683-1.jpeg 1024w, https:\/\/bestwesternplusmontrealeast.gmtpdigital.ca\/wp-content\/uploads\/sites\/393\/2022\/10\/room-2559790_1920-1024x683-1-300x200.jpeg 300w, https:\/\/bestwesternplusmontrealeast.gmtpdigital.ca\/wp-content\/uploads\/sites\/393\/2022\/10\/room-2559790_1920-1024x683-1-768x512.jpeg 768w\" sizes=\"(max-width: 1024px) 100vw, 1024px\" \/>\t\t\t\t\t\t\t\t\t\t\t\t\t\t\t<\/div>\n\t\t\t\t<\/div>\n\t\t\t\t\t<\/div>\n\t\t<\/div>\n\t\t\t\t\t<\/div>\n\t\t<\/section>\n\t\t\t\t<section class=\"elementor-section elementor-top-section elementor-element elementor-element-d277890 elementor-section-boxed elementor-section-height-default elementor-section-height-default\" data-id=\"d277890\" data-element_type=\"section\" data-e-type=\"section\">\n\t\t\t\t\t\t<div class=\"elementor-container elementor-column-gap-default\">\n\t\t\t\t\t<div class=\"elementor-column elementor-col-100 elementor-top-column elementor-element elementor-element-e5ff877\" data-id=\"e5ff877\" data-element_type=\"column\" data-e-type=\"column\">\n\t\t\t<div class=\"elementor-widget-wrap elementor-element-populated\">\n\t\t\t\t\t\t<div class=\"elementor-element elementor-element-9a4122b elementor-widget elementor-widget-text-editor\" data-id=\"9a4122b\" data-element_type=\"widget\" data-e-type=\"widget\" data-widget_type=\"text-editor.default\">\n\t\t\t\t<div class=\"elementor-widget-container\">\n\t\t\t\t\t\t\t\t\t<p>03<span class=\"Apple-converted-space\">\u00a0 <\/span>Cha\u00eene d\u2019affaires publiques<br \/>04<span class=\"Apple-converted-space\">\u00a0 <\/span>AMI TV<br \/>05<span class=\"Apple-converted-space\">\u00a0 <\/span>CBC<br \/>06<span class=\"Apple-converted-space\">\u00a0 <\/span>Citytv<br \/>07<span class=\"Apple-converted-space\">\u00a0 <\/span>CTV<br \/>08<span class=\"Apple-converted-space\">\u00a0 <\/span>LCN<br \/>09<span class=\"Apple-converted-space\">\u00a0 <\/span>Global<br \/>10<span class=\"Apple-converted-space\">\u00a0 <\/span>ABC<br \/>11<span class=\"Apple-converted-space\">\u00a0 <\/span>CBS<br \/>12<span class=\"Apple-converted-space\">\u00a0 <\/span>CNN<br \/>13<span class=\"Apple-converted-space\">\u00a0 <\/span>Canal D<br \/>14<span class=\"Apple-converted-space\">\u00a0 <\/span>Disney Channel<br \/>15<span class=\"Apple-converted-space\">\u00a0 <\/span>HGTV<br \/>16<span class=\"Apple-converted-space\">\u00a0 <\/span>Showcase<br \/>17<span class=\"Apple-converted-space\">\u00a0 <\/span>Ici Radio Canada<br \/>18<span class=\"Apple-converted-space\">\u00a0 <\/span>V<br \/>19<span class=\"Apple-converted-space\">\u00a0 <\/span>Addik TV<br \/>20<span class=\"Apple-converted-space\">\u00a0 <\/span>RDS<br \/>21<span class=\"Apple-converted-space\">\u00a0 <\/span>TVA<br \/>22<span class=\"Apple-converted-space\">\u00a0 <\/span>TVA Sports<br \/>23<span class=\"Apple-converted-space\">\u00a0 <\/span>TSN 1<br \/>24<span class=\"Apple-converted-space\">\u00a0 <\/span>M\u00e9t\u00e9oM\u00e9dia<br \/>25<span class=\"Apple-converted-space\">\u00a0 <\/span>CPAC<\/p><p><strong>T\u00e9l\u00e9vision payante<\/strong> <br \/>Veuillez simplement allumer le t\u00e9l\u00e9viseur et suivre les instructions \u00e0 l\u2019\u00e9cran. Les frais encourus seront automatiquement port\u00e9s \u00e0 votre compte.<\/p>\t\t\t\t\t\t\t\t<\/div>\n\t\t\t\t<\/div>\n\t\t\t\t\t<\/div>\n\t\t<\/div>\n\t\t\t\t\t<\/div>\n\t\t<\/section>\n\t\t\t\t<\/div>\n\t\t","protected":false},"excerpt":{"rendered":"<p>03\u00a0 Cha\u00eene d\u2019affaires publiques04\u00a0 AMI TV05\u00a0 CBC06\u00a0 Citytv07\u00a0 CTV08\u00a0 LCN09\u00a0 Global10\u00a0 ABC11\u00a0 CBS12\u00a0 CNN13\u00a0 Canal D14\u00a0 Disney Channel15\u00a0 HGTV16\u00a0 Showcase17\u00a0 Ici Radio Canada18\u00a0 V19\u00a0 Addik TV20\u00a0 RDS21\u00a0 TVA22\u00a0 TVA Sports23\u00a0 TSN 124\u00a0 M\u00e9t\u00e9oM\u00e9dia25\u00a0 CPAC T\u00e9l\u00e9vision payante Veuillez simplement allumer le t\u00e9l\u00e9viseur et suivre les instructions \u00e0 l\u2019\u00e9cran. Les frais encourus seront automatiquement port\u00e9s \u00e0 votre [&hellip;]<\/p>\n","protected":false},"author":22,"featured_media":0,"parent":0,"menu_order":0,"comment_status":"closed","ping_status":"closed","template":"","meta":{"_mi_skip_tracking":false,"site-sidebar-layout":"no-sidebar","site-content-layout":"page-builder","ast-site-content-layout":"default","site-content-style":"default","site-sidebar-style":"default","ast-global-header-display":"","ast-banner-title-visibility":"","ast-main-header-display":"","ast-hfb-above-header-display":"","ast-hfb-below-header-display":"","ast-hfb-mobile-header-display":"","site-post-title":"disabled","ast-breadcrumbs-content":"","ast-featured-img":"disabled","footer-sml-layout":"","ast-disable-related-posts":"","theme-transparent-header-meta":"default","adv-header-id-meta":"","stick-header-meta":"","header-above-stick-meta":"","header-main-stick-meta":"","header-below-stick-meta":"","astra-migrate-meta-layouts":"default","ast-page-background-enabled":"default","ast-page-background-meta":{"desktop":{"background-color":"var(--ast-global-color-4)","background-image":"","background-repeat":"repeat","background-position":"center center","background-size":"auto","background-attachment":"scroll","background-type":"","background-media":"","overlay-type":"","overlay-color":"","overlay-opacity":"","overlay-gradient":""},"tablet":{"background-color":"","background-image":"","background-repeat":"repeat","background-position":"center center","background-size":"auto","background-attachment":"scroll","background-type":"","background-media":"","overlay-type":"","overlay-color":"","overlay-opacity":"","overlay-gradient":""},"mobile":{"background-color":"","background-image":"","background-repeat":"repeat","background-position":"center center","background-size":"auto","background-attachment":"scroll","background-type":"","background-media":"","overlay-type":"","overlay-color":"","overlay-opacity":"","overlay-gradient":""}},"ast-content-background-meta":{"desktop":{"background-color":"var(--ast-global-color-5)","background-image":"","background-repeat":"repeat","background-position":"center center","background-size":"auto","background-attachment":"scroll","background-type":"","background-media":"","overlay-type":"","overlay-color":"","overlay-opacity":"","overlay-gradient":""},"tablet":{"background-color":"var(--ast-global-color-5)","background-image":"","background-repeat":"repeat","background-position":"center center","background-size":"auto","background-attachment":"scroll","background-type":"","background-media":"","overlay-type":"","overlay-color":"","overlay-opacity":"","overlay-gradient":""},"mobile":{"background-color":"var(--ast-global-color-5)","background-image":"","background-repeat":"repeat","background-position":"center center","background-size":"auto","background-attachment":"scroll","background-type":"","background-media":"","overlay-type":"","overlay-color":"","overlay-opacity":"","overlay-gradient":""}},"footnotes":""},"class_list":["post-2619","page","type-page","status-publish","hentry"],"_links":{"self":[{"href":"https:\/\/bestwesternplusmontrealeast.gmtpdigital.ca\/fr\/wp-json\/wp\/v2\/pages\/2619","targetHints":{"allow":["GET"]}}],"collection":[{"href":"https:\/\/bestwesternplusmontrealeast.gmtpdigital.ca\/fr\/wp-json\/wp\/v2\/pages"}],"about":[{"href":"https:\/\/bestwesternplusmontrealeast.gmtpdigital.ca\/fr\/wp-json\/wp\/v2\/types\/page"}],"author":[{"embeddable":true,"href":"https:\/\/bestwesternplusmontrealeast.gmtpdigital.ca\/fr\/wp-json\/wp\/v2\/users\/22"}],"replies":[{"embeddable":true,"href":"https:\/\/bestwesternplusmontrealeast.gmtpdigital.ca\/fr\/wp-json\/wp\/v2\/comments?post=2619"}],"version-history":[{"count":14,"href":"https:\/\/bestwesternplusmontrealeast.gmtpdigital.ca\/fr\/wp-json\/wp\/v2\/pages\/2619\/revisions"}],"predecessor-version":[{"id":4879,"href":"https:\/\/bestwesternplusmontrealeast.gmtpdigital.ca\/fr\/wp-json\/wp\/v2\/pages\/2619\/revisions\/4879"}],"wp:attachment":[{"href":"https:\/\/bestwesternplusmontrealeast.gmtpdigital.ca\/fr\/wp-json\/wp\/v2\/media?parent=2619"}],"curies":[{"name":"wp","href":"https:\/\/api.w.org\/{rel}","templated":true}]}}