{"id":2571,"date":"2022-10-08T17:35:44","date_gmt":"2022-10-08T17:35:44","guid":{"rendered":"https:\/\/bestwesternplusmontrealeast.gmtpdigital.ca\/?page_id=2571"},"modified":"2025-02-18T12:40:31","modified_gmt":"2025-02-18T12:40:31","slug":"services-hotel","status":"publish","type":"page","link":"https:\/\/bestwesternplusmontrealeast.gmtpdigital.ca\/fr\/services-hotel\/","title":{"rendered":"Services de l\u2019h\u00f4tel"},"content":{"rendered":"\t\t<div data-elementor-type=\"wp-page\" data-elementor-id=\"2571\" class=\"elementor elementor-2571 elementor-2560\">\n\t\t\t\t\t\t<section class=\"elementor-section elementor-top-section elementor-element elementor-element-35882ef elementor-section-full_width elementor-section-height-default elementor-section-height-default\" data-id=\"35882ef\" data-element_type=\"section\" data-e-type=\"section\">\n\t\t\t\t\t\t<div class=\"elementor-container elementor-column-gap-default\">\n\t\t\t\t\t<div class=\"elementor-column elementor-col-100 elementor-top-column elementor-element elementor-element-6212f7a\" data-id=\"6212f7a\" data-element_type=\"column\" data-e-type=\"column\">\n\t\t\t<div class=\"elementor-widget-wrap elementor-element-populated\">\n\t\t\t\t\t\t<div class=\"elementor-element elementor-element-f7933f6 elementor-widget elementor-widget-image\" data-id=\"f7933f6\" data-element_type=\"widget\" data-e-type=\"widget\" data-widget_type=\"image.default\">\n\t\t\t\t<div class=\"elementor-widget-container\">\n\t\t\t\t\t\t\t\t\t\t\t\t\t\t\t<img fetchpriority=\"high\" decoding=\"async\" width=\"640\" height=\"340\" src=\"https:\/\/bestwesternplusmontrealeast.gmtpdigital.ca\/wp-content\/uploads\/sites\/393\/2021\/04\/2-queen-bed-room-1-p.jpg\" class=\"attachment-large size-large wp-image-4597\" alt=\"\" srcset=\"https:\/\/bestwesternplusmontrealeast.gmtpdigital.ca\/wp-content\/uploads\/sites\/393\/2021\/04\/2-queen-bed-room-1-p.jpg 640w, https:\/\/bestwesternplusmontrealeast.gmtpdigital.ca\/wp-content\/uploads\/sites\/393\/2021\/04\/2-queen-bed-room-1-p-300x159.jpg 300w\" sizes=\"(max-width: 640px) 100vw, 640px\" \/>\t\t\t\t\t\t\t\t\t\t\t\t\t\t\t<\/div>\n\t\t\t\t<\/div>\n\t\t\t\t\t<\/div>\n\t\t<\/div>\n\t\t\t\t\t<\/div>\n\t\t<\/section>\n\t\t\t\t<section class=\"elementor-section elementor-top-section elementor-element elementor-element-2647a0f elementor-section-boxed elementor-section-height-default elementor-section-height-default\" data-id=\"2647a0f\" data-element_type=\"section\" data-e-type=\"section\">\n\t\t\t\t\t\t<div class=\"elementor-container elementor-column-gap-default\">\n\t\t\t\t\t<div class=\"elementor-column elementor-col-100 elementor-top-column elementor-element elementor-element-83482a8\" data-id=\"83482a8\" data-element_type=\"column\" data-e-type=\"column\">\n\t\t\t<div class=\"elementor-widget-wrap elementor-element-populated\">\n\t\t\t\t\t\t<div class=\"elementor-element elementor-element-027e082 elementor-widget elementor-widget-text-editor\" data-id=\"027e082\" data-element_type=\"widget\" data-e-type=\"widget\" data-widget_type=\"text-editor.default\">\n\t\t\t\t<div class=\"elementor-widget-container\">\n\t\t\t\t\t\t\t\t\t<p class=\"p1\"><strong>Syst\u00e8me de climatisation\/chauffage<br \/><\/strong>Le refroidissement et le chauffage de votre chambre ne peuvent fonctionner efficacement que lorsque les portes ext\u00e9rieures ou les fen\u00eatres sont ferm\u00e9es. Veuillez r\u00e9gler les commandes pour votre confort. Au moment du d\u00e9part, veuillez \u00e9teindre l\u2019appareil.<\/p><p class=\"p1\"><strong>Garde d\u2019enfants<\/strong>\u00a0Composez le 0<br \/>Des baby-sitters qualifi\u00e9s sont disponibles pour un prix modique. Un pr\u00e9avis de 24 heures est requis pour les baby-sitters de jour.<\/p><p class=\"p1\"><strong>Banquet et restauration<\/strong>\u00a0Composez le 0<\/p><p class=\"p1\"><strong>Petit-d\u00e9jeuner<br \/><\/strong>(Indiquez quel petit-d\u00e9jeuner est propos\u00e9, les heures (minimum de 3) et l\u2019emplacement)<br \/>Un (petit-d\u00e9jeuner continental gratuit) est disponible de 7h00 \u00e0 10h00 tous les jours au restaurant<br \/>(petit-d\u00e9jeuner chaud\u00a0: 15,95\u00a0$\/par personne).<\/p><p class=\"p1\"><strong>Heure de d\u00e9part<br \/><\/strong>L\u2019heure de d\u00e9part est 12h00. Si vous souhaitez prolonger votre s\u00e9jour, veuillez en informer notre personnel de la r\u00e9ception avant 10h00 et nous vous accueillerons sous r\u00e9serve de disponibilit\u00e9.<\/p><p class=\"p1\"><strong>Caf\u00e9\/th\u00e9<br \/><\/strong>Du caf\u00e9 et du th\u00e9 gratuits sont disponibles dans votre chambre.<\/p><p class=\"p1\"><strong>Cartes de cr\u00e9dit<br \/><\/strong>Nous acceptons les cartes de cr\u00e9dit suivantes\u00a0: American Express, Mastercard, Visa, Diners Club\/Enroute et Carte Blanche.<\/p><p class=\"p1\"><strong>Berceaux\/lits b\u00e9b\u00e9<br \/><\/strong>Les berceaux sont fournis gratuitement et les lits b\u00e9b\u00e9 sont disponibles moyennant un suppl\u00e9ment.<\/p><p class=\"p1\"><strong>Bureau de change<\/strong>\u00a0(\u00c9tats-Unis uniquement)<br \/>Disponible \u00e0 la r\u00e9ception<\/p><p class=\"p1\"><strong>D\u00e9part express<br \/><\/strong>Nous proposons les types de d\u00e9part express suivants\u00a0: par folio dans la chambre, par e-mail, par t\u00e9l\u00e9phone et par t\u00e9l\u00e9vision. Veuillez indiquer au service client\u00e8le de la r\u00e9ception l\u2019option que vous pr\u00e9f\u00e9rez.<\/p><p class=\"p1\"><strong>Conditionnement physique<br \/><\/strong>OPTIONS DE FITNESS POUR LES INSTALLATIONS D\u2019ENTRA\u00ceNEMENT SUR PLACE<br \/>Entra\u00eenez-vous, restez \u00e0 la maison\u00a0! Horaires\/Emplacement du centre de remise en forme au sous-sol<\/p><p class=\"p1\">OPTIONS DE FITNESS POUR LES INSTALLATIONS D\u2019ENTRA\u00ceNEMENT HORS LOCAL\u00a0:<br \/>Vous vous entra\u00eenez\u00a0? Veuillez demander \u00e0 la r\u00e9ception comment obtenir des laissez-passer pour une salle de sport locale<\/p><p class=\"p1\"><strong>R\u00e9ception\u00a0:<\/strong>\u00a0composez le 0<br \/>Le personnel de la r\u00e9ception est disponible pour vous aider 24 heures sur 24, tous les jours.<\/p><p class=\"p1\"><strong>Invit\u00e9s ayant des besoins sp\u00e9ciaux<br \/><\/strong>En cas d\u2019urgence, votre s\u00e9curit\u00e9 est notre premi\u00e8re pr\u00e9occupation. Veuillez informer la r\u00e9ception lors de l\u2019enregistrement si une personne handicap\u00e9e est pr\u00e9sente dans la chambre.<\/p><p class=\"p1\"><strong>Service de m\u00e9nage<\/strong>\u00a0Composez le 0<br \/>Les articles suivants sont disponibles sur demande\u00a0:<br \/>Ventilateurs, couvertures suppl\u00e9mentaires, oreillers suppl\u00e9mentaires, serviettes suppl\u00e9mentaires, savon suppl\u00e9mentaire, adaptateurs \u00e9lectriques, cordon t\u00e9l\u00e9phonique (pour port de donn\u00e9es).<\/p><p class=\"p1\"><strong>Vous avez oubli\u00e9 quelque chose\u00a0?<br \/><\/strong>\u2013 Des articles gratuits sont disponibles 24\u00a0h\/24\u00a0: peignes, rasoirs, mousse \u00e0 raser, brosses \u00e0 dents, dentifrice et kits de couture sont disponibles. Des serviettes hygi\u00e9niques sont disponibles. (Informez-vous de l\u2019emplacement et si elles sont gratuites\u00a0\u2013 elles ne peuvent \u00eatre factur\u00e9es que si elles sont distribu\u00e9es dans un distributeur automatique dans les toilettes publiques pour femmes)<\/p><p class=\"p1\">Des fauteuils roulants sont disponibles.<br \/>Des lits b\u00e9b\u00e9 et des chaises hautes sont disponibles.<\/p><p class=\"p1\"><strong>Distributeurs de glace\/distributeurs<br \/><\/strong>Situ\u00e9 pr\u00e8s de l\u2019escalier dans le hall et au 3e \u00e9tage.<\/p><p class=\"p1\"><strong>Blanchisserie\/nettoyage \u00e0 sec<br \/><\/strong>Les services de nettoyage \u00e0 sec sont fournis par une entreprise ind\u00e9pendante r\u00e9put\u00e9e avec livraison le jour m\u00eame. Disponible du lundi au vendredi, sauf les jours f\u00e9ri\u00e9s. Apportez les articles \u00e0 la r\u00e9ception avant 8\u00a0h\u00a000 pour un retour le jour m\u00eame. Nous agissons uniquement en tant qu\u2019agent et n\u2019acceptons aucune responsabilit\u00e9 pour les biens perdus ou endommag\u00e9s.<\/p><p class=\"p1\"><strong>Prix Service Buanderie<br \/><\/strong>Chemise<span class=\"Apple-converted-space\">\u00a0 <\/span>6,99<br \/>Blouse coton<span class=\"Apple-converted-space\">\u00a0 <\/span>8,99<br \/>Blouse 14,49<br \/>Pantalon<span class=\"Apple-converted-space\">\u00a0 <\/span>12,99<br \/>Bermuda<span class=\"Apple-converted-space\">\u00a0 <\/span>10,99<br \/>Habit 2 pi\u00e8ces<span class=\"Apple-converted-space\">\u00a0 <\/span>29,99<br \/>Veston<span class=\"Apple-converted-space\">\u00a0 <\/span>16,99<br \/>Cravate<span class=\"Apple-converted-space\">\u00a0 <\/span>15,99<br \/>Jupe<span class=\"Apple-converted-space\">\u00a0 <\/span>12,99<br \/>Robe<span class=\"Apple-converted-space\">\u00a0 <\/span>27,99<br \/>Combinaison<span class=\"Apple-converted-space\">\u00a0 <\/span>29,99<\/p><p class=\"p1\"><strong>Objets trouv\u00e9s<\/strong>\u00a0Composez le 0<br \/>Ouvert de 8h00 \u00e0 16h30<\/p><p class=\"p1\"><strong>Assistance et stockage des bagages<\/strong>\u00a0Composez le 0<br \/>L\u2019assistance aux bagages est disponible jusqu\u2019\u00e0 14h00.<br \/>(Doit \u00eatre disponible 14 heures par jour. Indiquez les heures disponibles)<br \/>Une consigne \u00e0 bagages gratuite est disponible pour nos clients et est disponible jusqu\u2019\u00e0 6 heures apr\u00e8s le d\u00e9part.<\/p><p class=\"p1\"><strong>Courrier\/timbres<br \/><\/strong>Des timbres peuvent \u00eatre achet\u00e9s \u00e0 la r\u00e9ception. Les colis ou lettres \u00e0 envoyer peuvent \u00eatre laiss\u00e9s \u00e0 la r\u00e9ception. Le courrier entrant est conserv\u00e9 \u00e0 la r\u00e9ception.<\/p><p class=\"p1\"><strong>Salles de r\u00e9union<br \/><\/strong>Nous disposons d\u2019une large gamme d\u2019installations de r\u00e9union\/banquet que vous pouvez consulter \u00e0 votre convenance. Notre service de restauration se fera un plaisir de vous fournir les tarifs, les menus, etc.<\/p><p class=\"p1\"><strong>Messages<\/strong>\u00a0Composez le 0<br \/>Lorsque le voyant rouge clignote sur votre t\u00e9l\u00e9phone, cela indique qu\u2019un message vous est destin\u00e9 \u00e0 la r\u00e9ception. Veuillez appeler l\u2019op\u00e9ratrice de l\u2019h\u00f4tel pour r\u00e9cup\u00e9rer le message.<\/p><p class=\"p1\"><strong>Films<br \/><\/strong>Films disponibles dans chaque chambre. Chaque film est payant.<\/p><p class=\"p1\"><strong>Vous allez quelque part ?<\/strong><br \/>Laissez-nous vous aider \u00e0 r\u00e9server votre prochaine r\u00e9servation dans l\u2019un des 4\u00a0000 h\u00f4tels du monde entier. 1\u00a0800\u00a0WESTERN ou bestwestern.com.<\/p><p class=\"p1\"><strong>R\u00e9ception<br \/><\/strong>Notre bureau d\u2019enregistrement est disponible 24 heures sur 24.<\/p><p class=\"p1\"><strong>Restaurant\/Salon<br \/><\/strong>(Indiquez le restaurant\/salon sur place et les heures d\u2019ouverture, le cas \u00e9ch\u00e9ant)<\/p><p class=\"p1\"><strong>Coffres-forts<br \/><\/strong>Pour votre confort et votre s\u00e9curit\u00e9, nous vous sugg\u00e9rons de laisser vos objets de valeur dans les coffres-forts mis \u00e0 disposition des clients. Veuillez vous renseigner \u00e0 la r\u00e9ception. Veuillez ne pas laisser d\u2019argent, de ch\u00e8ques de voyage ou de bijoux dans votre chambre. Nous ne pouvons \u00eatre tenus responsables des objets de valeur non d\u00e9pos\u00e9s.<\/p><p class=\"p1\"><strong>Collations et boissons<br \/><\/strong>Des distributeurs automatiques sont situ\u00e9s pr\u00e8s de l\u2019escalier dans le hall.<br \/>Du caf\u00e9\/th\u00e9 sont disponibles 24 heures sur 24.<\/p><p class=\"p1\"><strong>Informations t\u00e9l\u00e9phoniques<br \/><\/strong>Service en chambre Composez le 0<br \/>D\u2019une chambre \u00e0 l\u2019autre Composez le ___ + num\u00e9ro de chambre<br \/>Appels locaux Composez le 9 + indicatif r\u00e9gional + num\u00e9ro<br \/>(des frais s\u2019appliquent apr\u00e8s 30 min.)<br \/>Appels longue distance Composez le ___ + ___ + indicatif r\u00e9gional + num\u00e9ro<br \/>(des frais s\u2019appliquent)<br \/>Assistance par op\u00e9rateur,<br \/>PCV ou carte de cr\u00e9dit Composez le ___ + ___ + indicatif r\u00e9gional + num\u00e9ro<br \/>Carte d\u2019appel Composez le ___ + ___ + indicatif r\u00e9gional + num\u00e9ro<br \/>Apr\u00e8s la tonalit\u00e9, entrez votre num\u00e9ro de carte + votre code PIN (14 chiffres)<br \/>Les frais de service ne s\u2019appliquent pas aux num\u00e9ros 800, 888, 877, 866<\/p><p class=\"p1\"><strong>Pensez vert<br \/><\/strong>Chaque jour, des millions de litres d\u2019eau sont utilis\u00e9s pour laver des serviettes et des draps qui n\u2019ont \u00e9t\u00e9 utilis\u00e9s qu\u2019une seule fois.<br \/>Aidez \u00e0 soutenir les efforts \u00e9cologiques de Best Western.<br \/>\u2022 Une serviette sur le support signifie \u00ab Je l\u2019utiliserai \u00e0 nouveau \u00bb<br \/>\u2022 Une serviette sur le sol signifie \u00ab Veuillez l\u2019\u00e9changer \u00bb<br \/>\u2022 Si vous restez plus d\u2019une nuit et que vous pr\u00e9f\u00e9rez ne pas faire changer vos draps, veuillez nous en informer \u00e0 la r\u00e9ception.<\/p><p class=\"p1\"><strong>R\u00e9veils t\u00e9l\u00e9phoniques<br \/><\/strong>Programmez des r\u00e9veils t\u00e9l\u00e9phoniques aupr\u00e8s de la r\u00e9ception ou vous pouvez r\u00e9gler le r\u00e9veil fourni dans votre chambre.<\/p><p><strong>WIFI<br \/><\/strong>Disponible dans toutes les chambres.<br \/>Cartes sans fil disponibles \u00e0 la r\u00e9ception.<\/p><p class=\"p1\"><strong>Eau<br \/><\/strong>Des bouteilles d\u2019eau sont disponibles \u00e0 la r\u00e9ception.<\/p><p class=\"p1\"><strong>H\u00e9bergement disponible<\/strong>\u00a0pour les groupes de ____ \u00e0 ______ personnes.<br \/>Des salles de r\u00e9union enti\u00e8rement \u00e9quip\u00e9es avec les derniers \u00e9quipements audiovisuels sont disponibles. Des salles de conf\u00e9rence joliment am\u00e9nag\u00e9es pour les r\u00e9unions de direction, des salles de banquet d\u00e9cor\u00e9es avec go\u00fbt pour les d\u00e9jeuners d\u2019affaires, les mariages et les f\u00eates de No\u00ebl et une salle de bal pour les grandes r\u00e9ceptions et conf\u00e9rences.<br \/>Pour obtenir de l\u2019aide, veuillez contacter notre service de conf\u00e9rence et de restauration au poste ______, du lundi au vendredi de 8h00 \u00e0 17h00 ou contacter le responsable de service en composant le 0.<\/p>\t\t\t\t\t\t\t\t<\/div>\n\t\t\t\t<\/div>\n\t\t\t\t\t<\/div>\n\t\t<\/div>\n\t\t\t\t\t<\/div>\n\t\t<\/section>\n\t\t\t\t<\/div>\n\t\t","protected":false},"excerpt":{"rendered":"<p>Syst\u00e8me de climatisation\/chauffageLe refroidissement et le chauffage de votre chambre ne peuvent fonctionner efficacement que lorsque les portes ext\u00e9rieures ou les fen\u00eatres sont ferm\u00e9es. Veuillez r\u00e9gler les commandes pour votre confort. Au moment du d\u00e9part, veuillez \u00e9teindre l\u2019appareil. Garde d\u2019enfants\u00a0Composez le 0Des baby-sitters qualifi\u00e9s sont disponibles pour un prix modique. Un pr\u00e9avis de 24 heures [&hellip;]<\/p>\n","protected":false},"author":22,"featured_media":0,"parent":0,"menu_order":0,"comment_status":"closed","ping_status":"closed","template":"","meta":{"_mi_skip_tracking":false,"site-sidebar-layout":"no-sidebar","site-content-layout":"page-builder","ast-site-content-layout":"default","site-content-style":"default","site-sidebar-style":"default","ast-global-header-display":"","ast-banner-title-visibility":"","ast-main-header-display":"","ast-hfb-above-header-display":"","ast-hfb-below-header-display":"","ast-hfb-mobile-header-display":"","site-post-title":"disabled","ast-breadcrumbs-content":"","ast-featured-img":"disabled","footer-sml-layout":"","ast-disable-related-posts":"","theme-transparent-header-meta":"default","adv-header-id-meta":"","stick-header-meta":"","header-above-stick-meta":"","header-main-stick-meta":"","header-below-stick-meta":"","astra-migrate-meta-layouts":"default","ast-page-background-enabled":"default","ast-page-background-meta":{"desktop":{"background-color":"var(--ast-global-color-4)","background-image":"","background-repeat":"repeat","background-position":"center center","background-size":"auto","background-attachment":"scroll","background-type":"","background-media":"","overlay-type":"","overlay-color":"","overlay-opacity":"","overlay-gradient":""},"tablet":{"background-color":"","background-image":"","background-repeat":"repeat","background-position":"center center","background-size":"auto","background-attachment":"scroll","background-type":"","background-media":"","overlay-type":"","overlay-color":"","overlay-opacity":"","overlay-gradient":""},"mobile":{"background-color":"","background-image":"","background-repeat":"repeat","background-position":"center center","background-size":"auto","background-attachment":"scroll","background-type":"","background-media":"","overlay-type":"","overlay-color":"","overlay-opacity":"","overlay-gradient":""}},"ast-content-background-meta":{"desktop":{"background-color":"var(--ast-global-color-5)","background-image":"","background-repeat":"repeat","background-position":"center center","background-size":"auto","background-attachment":"scroll","background-type":"","background-media":"","overlay-type":"","overlay-color":"","overlay-opacity":"","overlay-gradient":""},"tablet":{"background-color":"var(--ast-global-color-5)","background-image":"","background-repeat":"repeat","background-position":"center center","background-size":"auto","background-attachment":"scroll","background-type":"","background-media":"","overlay-type":"","overlay-color":"","overlay-opacity":"","overlay-gradient":""},"mobile":{"background-color":"var(--ast-global-color-5)","background-image":"","background-repeat":"repeat","background-position":"center center","background-size":"auto","background-attachment":"scroll","background-type":"","background-media":"","overlay-type":"","overlay-color":"","overlay-opacity":"","overlay-gradient":""}},"footnotes":""},"class_list":["post-2571","page","type-page","status-publish","hentry"],"_links":{"self":[{"href":"https:\/\/bestwesternplusmontrealeast.gmtpdigital.ca\/fr\/wp-json\/wp\/v2\/pages\/2571","targetHints":{"allow":["GET"]}}],"collection":[{"href":"https:\/\/bestwesternplusmontrealeast.gmtpdigital.ca\/fr\/wp-json\/wp\/v2\/pages"}],"about":[{"href":"https:\/\/bestwesternplusmontrealeast.gmtpdigital.ca\/fr\/wp-json\/wp\/v2\/types\/page"}],"author":[{"embeddable":true,"href":"https:\/\/bestwesternplusmontrealeast.gmtpdigital.ca\/fr\/wp-json\/wp\/v2\/users\/22"}],"replies":[{"embeddable":true,"href":"https:\/\/bestwesternplusmontrealeast.gmtpdigital.ca\/fr\/wp-json\/wp\/v2\/comments?post=2571"}],"version-history":[{"count":20,"href":"https:\/\/bestwesternplusmontrealeast.gmtpdigital.ca\/fr\/wp-json\/wp\/v2\/pages\/2571\/revisions"}],"predecessor-version":[{"id":4882,"href":"https:\/\/bestwesternplusmontrealeast.gmtpdigital.ca\/fr\/wp-json\/wp\/v2\/pages\/2571\/revisions\/4882"}],"wp:attachment":[{"href":"https:\/\/bestwesternplusmontrealeast.gmtpdigital.ca\/fr\/wp-json\/wp\/v2\/media?parent=2571"}],"curies":[{"name":"wp","href":"https:\/\/api.w.org\/{rel}","templated":true}]}}